{"id":1576,"date":"2025-08-26T10:19:20","date_gmt":"2025-08-26T10:19:20","guid":{"rendered":"https:\/\/www.ideindus.com\/?page_id=1576"},"modified":"2025-09-23T09:00:14","modified_gmt":"2025-09-23T09:00:14","slug":"cookies-policy","status":"publish","type":"page","link":"https:\/\/www.ideindus.com\/fr\/cookies-policy\/","title":{"rendered":"Politique relative aux cookies"},"content":{"rendered":"<div data-elementor-type=\"wp-page\" data-elementor-id=\"1576\" class=\"elementor elementor-1576\" data-elementor-post-type=\"page\">\n\t\t\t\t<div class=\"elementor-element elementor-element-5d6ecef e-flex e-con-boxed e-con e-parent\" data-id=\"5d6ecef\" data-element_type=\"container\">\n\t\t\t\t\t<div class=\"e-con-inner\">\n\t\t\t\t\t<\/div>\n\t\t\t\t<\/div>\n\t\t<div class=\"elementor-element elementor-element-4d672d5 e-flex e-con-boxed e-con e-parent\" data-id=\"4d672d5\" data-element_type=\"container\">\n\t\t\t\t\t<div class=\"e-con-inner\">\n\t\t\t\t<div class=\"elementor-element elementor-element-9e6a761 elementor-widget-divider--view-line elementor-widget elementor-widget-divider\" data-id=\"9e6a761\" data-element_type=\"widget\" data-widget_type=\"divider.default\">\n\t\t\t\t\t\t\t<div class=\"elementor-divider\">\n\t\t\t<span class=\"elementor-divider-separator\">\n\t\t\t\t\t\t<\/span>\n\t\t<\/div>\n\t\t\t\t\t\t<\/div>\n\t\t\t\t\t<\/div>\n\t\t\t\t<\/div>\n\t\t<div class=\"elementor-element elementor-element-6ad1928 e-flex e-con-boxed e-con e-parent\" data-id=\"6ad1928\" data-element_type=\"container\">\n\t\t\t\t\t<div class=\"e-con-inner\">\n\t\t\t\t<div class=\"elementor-element elementor-element-5f6e703 elementor-widget elementor-widget-heading\" data-id=\"5f6e703\" data-element_type=\"widget\" data-widget_type=\"heading.default\">\n\t\t\t\t\t<h2 class=\"elementor-heading-title elementor-size-default\">Politique relative aux cookies<\/h2>\t\t\t\t<\/div>\n\t\t\t\t\t<\/div>\n\t\t\t\t<\/div>\n\t\t<div class=\"elementor-element elementor-element-d068e3f e-flex e-con-boxed e-con e-parent\" data-id=\"d068e3f\" data-element_type=\"container\">\n\t\t\t\t\t<div class=\"e-con-inner\">\n\t\t\t\t<div class=\"elementor-element elementor-element-7c2279d elementor-widget elementor-widget-text-editor\" data-id=\"7c2279d\" data-element_type=\"widget\" data-widget_type=\"text-editor.default\">\n\t\t\t\t\t\t\t\t\t<p data-start=\"306\" data-end=\"340\"><strong data-start=\"306\" data-end=\"323\">Derni\u00e8re mise \u00e0 jour :<\/strong> 26 ao\u00fbt 2025<\/p><p data-start=\"342\" data-end=\"560\">IdeIndus (\u00ab nous \u00bb, \u00ab notre \u00bb ou \u00ab nos \u00bb) exploite le site <a class=\"decorated-link\" href=\"https:\/\/www.ideindus.com\/fr\/\" target=\"_new\" rel=\"noopener\" data-start=\"383\" data-end=\"435\">https:\/\/www.ideindus.com<\/a> (le \u00ab Site \u00bb). En acc\u00e9dant \u00e0 notre Site ou en l\u2019utilisant, vous consentez \u00e0 l\u2019utilisation de cookies telle que d\u00e9crite dans la pr\u00e9sente Politique relative aux cookies.<\/p><p data-start=\"562\" data-end=\"726\">Cette politique explique ce que sont les cookies, comment nous les utilisons, comment les services tiers peuvent \u00e9galement les utiliser, vos choix en mati\u00e8re de cookies, ainsi que des informations compl\u00e9mentaires.<\/p><hr data-start=\"728\" data-end=\"731\" \/><h3 data-start=\"733\" data-end=\"756\">1. Qu\u2019est-ce qu\u2019un cookie ?<\/h3><p data-start=\"758\" data-end=\"1012\">Les cookies sont de petits fichiers texte envoy\u00e9s \u00e0 votre navigateur web par les sites que vous visitez. Ils sont enregistr\u00e9s sur votre appareil et permettent au Site ou aux services tiers de reconna\u00eetre votre navigateur, de m\u00e9moriser vos pr\u00e9f\u00e9rences et de rendre votre prochaine visite plus efficace.<\/p><p data-start=\"1014\" data-end=\"1031\">Il existe deux types de cookies :<\/p><ul data-start=\"1032\" data-end=\"1177\"><li data-start=\"1032\" data-end=\"1093\"><p data-start=\"1034\" data-end=\"1093\"><strong data-start=\"1034\" data-end=\"1054\">Cookies de session<\/strong> : supprim\u00e9s lorsque vous fermez votre navigateur.<\/p><\/li><li data-start=\"1094\" data-end=\"1177\"><p data-start=\"1096\" data-end=\"1177\"><strong data-start=\"1096\" data-end=\"1119\">Cookies persistants<\/strong> : conserv\u00e9s sur votre appareil jusqu\u2019\u00e0 leur expiration ou leur suppression manuelle.<\/p><\/li><\/ul><hr data-start=\"1179\" data-end=\"1182\" \/><h3 data-start=\"1184\" data-end=\"1208\">2. Comment nous utilisons les cookies<\/h3><p data-start=\"1210\" data-end=\"1254\">Nous utilisons des cookies pour les finalit\u00e9s suivantes :<\/p><ol data-start=\"1256\" data-end=\"1841\"><li data-start=\"1256\" data-end=\"1475\"><p data-start=\"1259\" data-end=\"1296\"><strong data-start=\"1259\" data-end=\"1294\">Cookies essentiels \/ fonctionnels :<\/strong><\/p><ul data-start=\"1300\" data-end=\"1475\"><li data-start=\"1300\" data-end=\"1347\"><p data-start=\"1302\" data-end=\"1347\">Permettent le bon fonctionnement du Site.<\/p><\/li><li data-start=\"1351\" data-end=\"1407\"><p data-start=\"1353\" data-end=\"1407\">M\u00e9morisent votre session lorsque vous vous connectez ou remplissez des formulaires.<\/p><\/li><li data-start=\"1411\" data-end=\"1475\"><p data-start=\"1413\" data-end=\"1475\">Retiennent vos pr\u00e9f\u00e9rences (par exemple, la langue ou la r\u00e9gion).<\/p><\/li><\/ul><\/li><li data-start=\"1477\" data-end=\"1660\"><p data-start=\"1480\" data-end=\"1517\"><strong data-start=\"1480\" data-end=\"1515\">Cookies d\u2019analyse \/ statistiques :<\/strong><\/p><ul data-start=\"1521\" data-end=\"1660\"><li data-start=\"1521\" data-end=\"1593\"><p data-start=\"1523\" data-end=\"1593\">Collectent des donn\u00e9es anonymes sur la mani\u00e8re dont les visiteurs interagissent avec le Site.<\/p><\/li><li data-start=\"1597\" data-end=\"1660\"><p data-start=\"1599\" data-end=\"1660\">Nous aident \u00e0 am\u00e9liorer le contenu, les fonctionnalit\u00e9s et l\u2019exp\u00e9rience utilisateur.<\/p><\/li><\/ul><\/li><li data-start=\"1662\" data-end=\"1841\"><p data-start=\"1665\" data-end=\"1703\"><strong data-start=\"1665\" data-end=\"1701\">Cookies marketing \/ tiers :<\/strong><\/p><ul data-start=\"1707\" data-end=\"1841\"><li data-start=\"1707\" data-end=\"1771\"><p data-start=\"1709\" data-end=\"1771\">Permettent \u00e0 nous-m\u00eames ou \u00e0 nos partenaires d\u2019afficher des publicit\u00e9s pertinentes.<\/p><\/li><li data-start=\"1775\" data-end=\"1841\"><p data-start=\"1777\" data-end=\"1841\">Suivent les utilisateurs \u00e0 travers diff\u00e9rents sites \u00e0 des fins marketing (facultatif).<\/p><\/li><\/ul><\/li><\/ol><hr data-start=\"1843\" data-end=\"1846\" \/><h3 data-start=\"1848\" data-end=\"1868\">3. Cookies que nous utilisons<\/h3><div class=\"_tableContainer_sk2ct_1\"><div class=\"_tableWrapper_sk2ct_13 group flex w-fit flex-col-reverse\" tabindex=\"-1\"><table class=\"w-fit min-w-(--thread-content-width)\" data-start=\"1870\" data-end=\"2424\"><thead data-start=\"1870\" data-end=\"1907\"><tr data-start=\"1870\" data-end=\"1907\"><th data-start=\"1870\" data-end=\"1889\" data-col-size=\"sm\"><strong>Cookie \/ Service<\/strong><\/th><th data-start=\"1889\" data-end=\"1899\" data-col-size=\"md\"><strong>Finalit\u00e9<\/strong><\/th><th data-start=\"1899\" data-end=\"1907\" data-col-size=\"sm\"><strong>Type<\/strong><\/th><\/tr><\/thead><tbody data-start=\"1945\" data-end=\"2424\"><tr data-start=\"1945\" data-end=\"2008\"><td data-start=\"1945\" data-end=\"1962\" data-col-size=\"sm\">WordPress Core<\/td><td data-start=\"1962\" data-end=\"1995\" data-col-size=\"md\">Fonctionnalit\u00e9, gestion de session<\/td><td data-start=\"1995\" data-end=\"2008\" data-col-size=\"sm\">Essentiel<\/td><\/tr><tr data-start=\"2009\" data-end=\"2057\"><td data-start=\"2009\" data-end=\"2024\" data-col-size=\"sm\">Google Fonts<\/td><td data-start=\"2024\" data-end=\"2044\" data-col-size=\"md\">Style et polices de caract\u00e8res<\/td><td data-start=\"2044\" data-end=\"2057\" data-col-size=\"sm\">Marketing<\/td><\/tr><tr data-start=\"2058\" data-end=\"2130\"><td data-start=\"2058\" data-end=\"2077\" data-col-size=\"sm\">Google reCAPTCHA<\/td><td data-start=\"2077\" data-end=\"2104\" data-col-size=\"md\">Protection des formulaires contre le spam<\/td><td data-start=\"2104\" data-end=\"2130\" data-col-size=\"sm\">Fonctionnel \/ Marketing<\/td><\/tr><tr data-start=\"2131\" data-end=\"2188\"><td data-start=\"2131\" data-end=\"2145\" data-col-size=\"sm\">Google Maps<\/td><td data-start=\"2145\" data-end=\"2175\" data-col-size=\"md\">Cartes interactives sur le site<\/td><td data-start=\"2175\" data-end=\"2188\" data-col-size=\"sm\">Marketing<\/td><\/tr><tr data-start=\"2189\" data-end=\"2265\"><td data-start=\"2189\" data-end=\"2201\" data-col-size=\"sm\">Elementor<\/td><td data-start=\"2201\" data-end=\"2252\" data-col-size=\"md\">Am\u00e9lioration de l\u2019exp\u00e9rience utilisateur et analyses anonymes<\/td><td data-start=\"2252\" data-end=\"2265\" data-col-size=\"sm\">Analyse<\/td><\/tr><tr data-start=\"2266\" data-end=\"2327\"><td data-start=\"2266\" data-end=\"2287\" data-col-size=\"sm\">Matomo \/ Analytics<\/td><td data-start=\"2287\" data-end=\"2314\" data-col-size=\"md\">Suivi anonyme de l\u2019utilisation<\/td><td data-start=\"2314\" data-end=\"2327\" data-col-size=\"sm\">Analyse<\/td><\/tr><tr data-start=\"2328\" data-end=\"2375\"><td data-start=\"2328\" data-end=\"2340\" data-col-size=\"sm\">Complianz<\/td><td data-start=\"2340\" data-end=\"2361\" data-col-size=\"md\">Gestion du consentement<\/td><td data-start=\"2361\" data-end=\"2375\" data-col-size=\"sm\">Fonctionnel<\/td><\/tr><tr data-start=\"2376\" data-end=\"2424\"><td data-start=\"2376\" data-end=\"2387\" data-col-size=\"sm\">Polylang<\/td><td data-start=\"2387\" data-end=\"2410\" data-col-size=\"md\">Pr\u00e9f\u00e9rences linguistiques<\/td><td data-start=\"2410\" data-end=\"2424\" data-col-size=\"sm\">Fonctionnel<\/td><\/tr><\/tbody><\/table><\/div><\/div><p data-start=\"2426\" data-end=\"2513\"><em data-start=\"2426\" data-end=\"2511\">D\u2019autres cookies peuvent \u00eatre d\u00e9pos\u00e9s par des services tiers suppl\u00e9mentaires utilis\u00e9s sur le Site.<\/em><\/p><hr data-start=\"2515\" data-end=\"2518\" \/><h3 data-start=\"2520\" data-end=\"2556\">4. Vos choix concernant les cookies<\/h3><p data-start=\"2558\" data-end=\"2718\">Vous pouvez g\u00e9rer, bloquer ou supprimer les cookies via les param\u00e8tres de votre navigateur. Veuillez noter que le blocage de certains cookies peut alt\u00e9rer le bon fonctionnement du Site.<\/p><p data-start=\"2720\" data-end=\"2741\"><strong data-start=\"2720\" data-end=\"2739\">Guides pour les navigateurs :<\/strong><\/p><ul data-start=\"2742\" data-end=\"3309\"><li data-start=\"2742\" data-end=\"2854\"><p data-start=\"2744\" data-end=\"2854\">Chrome: <a class=\"decorated-link\" href=\"https:\/\/support.google.com\/accounts\/answer\/32050\" target=\"_new\" rel=\"noopener\" data-start=\"2752\" data-end=\"2852\">https:\/\/support.google.com\/accounts\/answer\/32050<\/a><\/p><\/li><li data-start=\"2855\" data-end=\"3018\"><p data-start=\"2857\" data-end=\"3018\">Firefox: <a class=\"decorated-link cursor-pointer\" target=\"_new\" rel=\"noopener\" data-start=\"2866\" data-end=\"3016\">https:\/\/support.mozilla.org\/kb\/delete-cookies-remove-info-websites-stored<\/a><\/p><\/li><li data-start=\"3019\" data-end=\"3203\"><p data-start=\"3021\" data-end=\"3203\">Safari: <a class=\"decorated-link\" href=\"https:\/\/support.apple.com\/guide\/safari\/manage-cookies-and-website-data-sfri11471\/mac\" target=\"_new\" rel=\"noopener\" data-start=\"3029\" data-end=\"3201\">https:\/\/support.apple.com\/guide\/safari\/manage-cookies-and-website-data-sfri11471\/mac<\/a><\/p><\/li><li data-start=\"3204\" data-end=\"3309\"><p data-start=\"3206\" data-end=\"3309\">Internet Explorer: <a class=\"decorated-link\" href=\"https:\/\/support.microsoft.com\/kb\/278835\" target=\"_new\" rel=\"noopener\" data-start=\"3225\" data-end=\"3307\">https:\/\/support.microsoft.com\/kb\/278835<\/a><\/p><\/li><\/ul><hr data-start=\"3311\" data-end=\"3314\" \/><h3 data-start=\"3316\" data-end=\"3329\">5. Consentement<\/h3><p data-start=\"3331\" data-end=\"3639\">Lors de votre premi\u00e8re visite sur notre Site, une banni\u00e8re d\u2019information sur les cookies appara\u00eet afin d\u2019expliquer leur utilisation. En cliquant sur <strong data-start=\"3438\" data-end=\"3460\">\u00ab Enregistrer mes pr\u00e9f\u00e9rences \u00bb<\/strong> ou en poursuivant votre navigation, vous consentez \u00e0 l\u2019utilisation de cookies telle que d\u00e9crite dans cette politique. Vous pouvez \u00e0 tout moment modifier ou retirer votre consentement via les param\u00e8tres de votre navigateur ou la banni\u00e8re de cookies.<\/p><hr data-start=\"3641\" data-end=\"3644\" \/><h3 data-start=\"3646\" data-end=\"3687\">6. Vos droits concernant les donn\u00e9es personnelles<\/h3><p data-start=\"3689\" data-end=\"3745\">En lien avec les cookies qui traitent des donn\u00e9es personnelles :<\/p><ul data-start=\"3746\" data-end=\"3894\"><li data-start=\"3746\" data-end=\"3820\"><p data-start=\"3748\" data-end=\"3820\">Vous pouvez demander l\u2019acc\u00e8s, la rectification ou la suppression de vos donn\u00e9es personnelles.<\/p><\/li><li data-start=\"3821\" data-end=\"3894\"><p data-start=\"3823\" data-end=\"3894\">Vous pouvez vous opposer \u00e0 certains traitements ou retirer votre consentement \u00e0 tout moment.<\/p><\/li><\/ul><p data-start=\"3896\" data-end=\"3970\">Pour toute demande ou exercice de vos droits, veuillez nous contacter :<\/p><p data-start=\"3972\" data-end=\"4174\"><strong data-start=\"3972\" data-end=\"3984\">IdeIndus<\/strong><br data-start=\"3984\" data-end=\"3987\" \/>1C Rue P\u00e9gase, 67950 Entzheim, France<br data-start=\"4024\" data-end=\"4027\" \/>Site web : <a class=\"decorated-link\" href=\"https:\/\/www.ideindus.com\/fr\/\" target=\"_new\" rel=\"noopener\" data-start=\"4036\" data-end=\"4088\">https:\/\/www.ideindus.com<\/a><br data-start=\"4088\" data-end=\"4091\" \/>Email : <a class=\"decorated-link cursor-pointer\" rel=\"noopener\" data-start=\"4098\" data-end=\"4145\">contact@idemoov.fr<\/a><br data-start=\"4145\" data-end=\"4148\" \/>T\u00e9l\u00e9phone : +33 3 67 22 02 79<\/p><hr data-start=\"4176\" data-end=\"4179\" \/><h3 data-start=\"4181\" data-end=\"4208\">7. Ressources tierces<\/h3><p data-start=\"4210\" data-end=\"4253\">Pour plus d\u2019informations sur les cookies :<\/p><ul data-start=\"4254\" data-end=\"4385\"><li data-start=\"4254\" data-end=\"4311\"><p data-start=\"4256\" data-end=\"4311\"><a class=\"decorated-link\" href=\"https:\/\/www.allaboutcookies.org\/\" target=\"_new\" rel=\"noopener\" data-start=\"4256\" data-end=\"4309\">All About Cookies<\/a><\/p><\/li><li data-start=\"4312\" data-end=\"4385\"><p data-start=\"4314\" data-end=\"4385\"><a class=\"decorated-link\" href=\"https:\/\/www.networkadvertising.org\/\" target=\"_new\" rel=\"noopener\" data-start=\"4314\" data-end=\"4383\">Network Advertising Initiative<\/a><\/p><\/li><\/ul>\t\t\t\t\t\t\t\t<\/div>\n\t\t\t\t\t<\/div>\n\t\t\t\t<\/div>\n\t\t\t\t<\/div>","protected":false},"excerpt":{"rendered":"<p>Cookies Policy Last updated: 26 August 2025 IdeIndus (\u201cwe\u201d, \u201cus\u201d, or \u201cour\u201d) operates https:\/\/www.ideindus.com (the \u201cWebsite\u201d). By accessing or using our Website, you consent to the use of cookies as described in this Cookies Policy. This Cookies Policy explains what cookies are, how we use them, how third-party services may use them, your choices regarding [&hellip;]<\/p>","protected":false},"author":2,"featured_media":0,"parent":0,"menu_order":0,"comment_status":"closed","ping_status":"closed","template":"elementor_header_footer","meta":{"footnotes":""},"class_list":["post-1576","page","type-page","status-publish","hentry"],"yoast_head":"<!-- This site is optimized with the Yoast SEO plugin v26.1.1 - https:\/\/yoast.com\/wordpress\/plugins\/seo\/ -->\n<title>Cookies Policy &#8212; ideindus: Industrial IoT Solutions<\/title>\n<meta name=\"robots\" content=\"noindex, follow\" \/>\n<meta property=\"og:locale\" content=\"fr_FR\" \/>\n<meta property=\"og:type\" content=\"article\" \/>\n<meta property=\"og:title\" content=\"Cookies Policy &#8212; ideindus: Industrial IoT Solutions\" \/>\n<meta property=\"og:description\" content=\"Cookies Policy Last updated: 26 August 2025 IdeIndus (\u201cwe\u201d, \u201cus\u201d, or \u201cour\u201d) operates https:\/\/www.ideindus.com (the \u201cWebsite\u201d). By accessing or using our Website, you consent to the use of cookies as described in this Cookies Policy. This Cookies Policy explains what cookies are, how we use them, how third-party services may use them, your choices regarding [&hellip;]\" \/>\n<meta property=\"og:url\" content=\"https:\/\/www.ideindus.com\/fr\/cookies-policy\/\" \/>\n<meta property=\"og:site_name\" content=\"ideindus: Industrial IoT Solutions\" \/>\n<meta property=\"article:modified_time\" content=\"2025-09-23T09:00:14+00:00\" \/>\n<meta property=\"og:image\" content=\"https:\/\/www.ideindus.com\/wp-content\/uploads\/2025\/08\/cropped-cropped-ideindus-logo.jpg\" \/>\n\t<meta property=\"og:image:width\" content=\"1000\" \/>\n\t<meta property=\"og:image:height\" content=\"364\" \/>\n\t<meta property=\"og:image:type\" content=\"image\/jpeg\" \/>\n<meta name=\"twitter:card\" content=\"summary_large_image\" \/>\n<meta name=\"twitter:label1\" content=\"Dur\u00e9e de lecture estim\u00e9e\" \/>\n\t<meta name=\"twitter:data1\" content=\"3 minutes\" \/>\n<script type=\"application\/ld+json\" class=\"yoast-schema-graph\">{\"@context\":\"https:\/\/schema.org\",\"@graph\":[{\"@type\":\"WebPage\",\"@id\":\"https:\/\/www.ideindus.com\/cookies-policy\/\",\"url\":\"https:\/\/www.ideindus.com\/cookies-policy\/\",\"name\":\"Cookies Policy &#8212; ideindus: Industrial IoT Solutions\",\"isPartOf\":{\"@id\":\"https:\/\/www.ideindus.com\/#website\"},\"datePublished\":\"2025-08-26T10:19:20+00:00\",\"dateModified\":\"2025-09-23T09:00:14+00:00\",\"breadcrumb\":{\"@id\":\"https:\/\/www.ideindus.com\/cookies-policy\/#breadcrumb\"},\"inLanguage\":\"fr-FR\",\"potentialAction\":[{\"@type\":\"ReadAction\",\"target\":[\"https:\/\/www.ideindus.com\/cookies-policy\/\"]}]},{\"@type\":\"BreadcrumbList\",\"@id\":\"https:\/\/www.ideindus.com\/cookies-policy\/#breadcrumb\",\"itemListElement\":[{\"@type\":\"ListItem\",\"position\":1,\"name\":\"Home\",\"item\":\"https:\/\/www.ideindus.com\/\"},{\"@type\":\"ListItem\",\"position\":2,\"name\":\"Cookies Policy\"}]},{\"@type\":\"WebSite\",\"@id\":\"https:\/\/www.ideindus.com\/#website\",\"url\":\"https:\/\/www.ideindus.com\/\",\"name\":\"ideindus: Industrial IoT Solutions\",\"description\":\"\",\"publisher\":{\"@id\":\"https:\/\/www.ideindus.com\/#organization\"},\"potentialAction\":[{\"@type\":\"SearchAction\",\"target\":{\"@type\":\"EntryPoint\",\"urlTemplate\":\"https:\/\/www.ideindus.com\/?s={search_term_string}\"},\"query-input\":{\"@type\":\"PropertyValueSpecification\",\"valueRequired\":true,\"valueName\":\"search_term_string\"}}],\"inLanguage\":\"fr-FR\"},{\"@type\":\"Organization\",\"@id\":\"https:\/\/www.ideindus.com\/#organization\",\"name\":\"ideindus: Industrial IoT Solutions\",\"url\":\"https:\/\/www.ideindus.com\/\",\"logo\":{\"@type\":\"ImageObject\",\"inLanguage\":\"fr-FR\",\"@id\":\"https:\/\/www.ideindus.com\/#\/schema\/logo\/image\/\",\"url\":\"https:\/\/www.ideindus.com\/wp-content\/uploads\/2025\/08\/cropped-cropped-ideindus-logo.jpg\",\"contentUrl\":\"https:\/\/www.ideindus.com\/wp-content\/uploads\/2025\/08\/cropped-cropped-ideindus-logo.jpg\",\"width\":1000,\"height\":364,\"caption\":\"ideindus: Industrial IoT Solutions\"},\"image\":{\"@id\":\"https:\/\/www.ideindus.com\/#\/schema\/logo\/image\/\"}}]}<\/script>\n<!-- \/ Yoast SEO plugin. -->","yoast_head_json":{"title":"Cookies Policy &#8212; ideindus: Industrial IoT Solutions","robots":{"index":"noindex","follow":"follow"},"og_locale":"fr_FR","og_type":"article","og_title":"Cookies Policy &#8212; ideindus: Industrial IoT Solutions","og_description":"Cookies Policy Last updated: 26 August 2025 IdeIndus (\u201cwe\u201d, \u201cus\u201d, or \u201cour\u201d) operates https:\/\/www.ideindus.com (the \u201cWebsite\u201d). By accessing or using our Website, you consent to the use of cookies as described in this Cookies Policy. This Cookies Policy explains what cookies are, how we use them, how third-party services may use them, your choices regarding [&hellip;]","og_url":"https:\/\/www.ideindus.com\/fr\/cookies-policy\/","og_site_name":"ideindus: Industrial IoT Solutions","article_modified_time":"2025-09-23T09:00:14+00:00","og_image":[{"width":1000,"height":364,"url":"https:\/\/www.ideindus.com\/wp-content\/uploads\/2025\/08\/cropped-cropped-ideindus-logo.jpg","type":"image\/jpeg"}],"twitter_card":"summary_large_image","twitter_misc":{"Dur\u00e9e de lecture estim\u00e9e":"3 minutes"},"schema":{"@context":"https:\/\/schema.org","@graph":[{"@type":"WebPage","@id":"https:\/\/www.ideindus.com\/cookies-policy\/","url":"https:\/\/www.ideindus.com\/cookies-policy\/","name":"Cookies Policy &#8212; ideindus: Industrial IoT Solutions","isPartOf":{"@id":"https:\/\/www.ideindus.com\/#website"},"datePublished":"2025-08-26T10:19:20+00:00","dateModified":"2025-09-23T09:00:14+00:00","breadcrumb":{"@id":"https:\/\/www.ideindus.com\/cookies-policy\/#breadcrumb"},"inLanguage":"fr-FR","potentialAction":[{"@type":"ReadAction","target":["https:\/\/www.ideindus.com\/cookies-policy\/"]}]},{"@type":"BreadcrumbList","@id":"https:\/\/www.ideindus.com\/cookies-policy\/#breadcrumb","itemListElement":[{"@type":"ListItem","position":1,"name":"Home","item":"https:\/\/www.ideindus.com\/"},{"@type":"ListItem","position":2,"name":"Cookies Policy"}]},{"@type":"WebSite","@id":"https:\/\/www.ideindus.com\/#website","url":"https:\/\/www.ideindus.com\/","name":"ideindus: Industrial IoT Solutions","description":"","publisher":{"@id":"https:\/\/www.ideindus.com\/#organization"},"potentialAction":[{"@type":"SearchAction","target":{"@type":"EntryPoint","urlTemplate":"https:\/\/www.ideindus.com\/?s={search_term_string}"},"query-input":{"@type":"PropertyValueSpecification","valueRequired":true,"valueName":"search_term_string"}}],"inLanguage":"fr-FR"},{"@type":"Organization","@id":"https:\/\/www.ideindus.com\/#organization","name":"ideindus: Industrial IoT Solutions","url":"https:\/\/www.ideindus.com\/","logo":{"@type":"ImageObject","inLanguage":"fr-FR","@id":"https:\/\/www.ideindus.com\/#\/schema\/logo\/image\/","url":"https:\/\/www.ideindus.com\/wp-content\/uploads\/2025\/08\/cropped-cropped-ideindus-logo.jpg","contentUrl":"https:\/\/www.ideindus.com\/wp-content\/uploads\/2025\/08\/cropped-cropped-ideindus-logo.jpg","width":1000,"height":364,"caption":"ideindus: Industrial IoT Solutions"},"image":{"@id":"https:\/\/www.ideindus.com\/#\/schema\/logo\/image\/"}}]}},"amp_enabled":false,"_links":{"self":[{"href":"https:\/\/www.ideindus.com\/fr\/wp-json\/wp\/v2\/pages\/1576","targetHints":{"allow":["GET"]}}],"collection":[{"href":"https:\/\/www.ideindus.com\/fr\/wp-json\/wp\/v2\/pages"}],"about":[{"href":"https:\/\/www.ideindus.com\/fr\/wp-json\/wp\/v2\/types\/page"}],"author":[{"embeddable":true,"href":"https:\/\/www.ideindus.com\/fr\/wp-json\/wp\/v2\/users\/2"}],"replies":[{"embeddable":true,"href":"https:\/\/www.ideindus.com\/fr\/wp-json\/wp\/v2\/comments?post=1576"}],"version-history":[{"count":16,"href":"https:\/\/www.ideindus.com\/fr\/wp-json\/wp\/v2\/pages\/1576\/revisions"}],"predecessor-version":[{"id":2346,"href":"https:\/\/www.ideindus.com\/fr\/wp-json\/wp\/v2\/pages\/1576\/revisions\/2346"}],"wp:attachment":[{"href":"https:\/\/www.ideindus.com\/fr\/wp-json\/wp\/v2\/media?parent=1576"}],"curies":[{"name":"wp","href":"https:\/\/api.w.org\/{rel}","templated":true}]}}