{"id":1590,"date":"2025-08-26T10:30:56","date_gmt":"2025-08-26T10:30:56","guid":{"rendered":"https:\/\/www.ideindus.com\/?page_id=1590"},"modified":"2025-09-23T09:02:36","modified_gmt":"2025-09-23T09:02:36","slug":"legal-information","status":"publish","type":"page","link":"https:\/\/www.ideindus.com\/fr\/legal-information\/","title":{"rendered":"Mentions l\u00e9gales"},"content":{"rendered":"<div data-elementor-type=\"wp-page\" data-elementor-id=\"1590\" class=\"elementor elementor-1590\" data-elementor-post-type=\"page\">\n\t\t\t\t<div class=\"elementor-element elementor-element-fd71cb1 e-flex e-con-boxed e-con e-parent\" data-id=\"fd71cb1\" data-element_type=\"container\">\n\t\t\t\t\t<div class=\"e-con-inner\">\n\t\t\t\t<div class=\"elementor-element elementor-element-2643c38 elementor-widget-divider--view-line elementor-widget elementor-widget-divider\" data-id=\"2643c38\" data-element_type=\"widget\" data-widget_type=\"divider.default\">\n\t\t\t\t\t\t\t<div class=\"elementor-divider\">\n\t\t\t<span class=\"elementor-divider-separator\">\n\t\t\t\t\t\t<\/span>\n\t\t<\/div>\n\t\t\t\t\t\t<\/div>\n\t\t\t\t\t<\/div>\n\t\t\t\t<\/div>\n\t\t<div class=\"elementor-element elementor-element-ac24c4a e-flex e-con-boxed e-con e-parent\" data-id=\"ac24c4a\" data-element_type=\"container\">\n\t\t\t\t\t<div class=\"e-con-inner\">\n\t\t\t\t<div class=\"elementor-element elementor-element-7699b63 elementor-widget-divider--view-line elementor-widget elementor-widget-divider\" data-id=\"7699b63\" data-element_type=\"widget\" data-widget_type=\"divider.default\">\n\t\t\t\t\t\t\t<div class=\"elementor-divider\">\n\t\t\t<span class=\"elementor-divider-separator\">\n\t\t\t\t\t\t<\/span>\n\t\t<\/div>\n\t\t\t\t\t\t<\/div>\n\t\t\t\t\t<\/div>\n\t\t\t\t<\/div>\n\t\t<div class=\"elementor-element elementor-element-1258f84 e-flex e-con-boxed e-con e-parent\" data-id=\"1258f84\" data-element_type=\"container\">\n\t\t\t\t\t<div class=\"e-con-inner\">\n\t\t\t\t<div class=\"elementor-element elementor-element-84fc286 elementor-widget elementor-widget-heading\" data-id=\"84fc286\" data-element_type=\"widget\" data-widget_type=\"heading.default\">\n\t\t\t\t\t<h2 class=\"elementor-heading-title elementor-size-default\">Mentions l\u00e9gales<\/h2>\t\t\t\t<\/div>\n\t\t\t\t\t<\/div>\n\t\t\t\t<\/div>\n\t\t<div class=\"elementor-element elementor-element-5cc4745 e-flex e-con-boxed e-con e-parent\" data-id=\"5cc4745\" data-element_type=\"container\">\n\t\t\t\t\t<div class=\"e-con-inner\">\n\t\t\t\t<div class=\"elementor-element elementor-element-dc78d31 elementor-widget elementor-widget-text-editor\" data-id=\"dc78d31\" data-element_type=\"widget\" data-widget_type=\"text-editor.default\">\n\t\t\t\t\t\t\t\t\t<p data-start=\"295\" data-end=\"334\"><strong data-start=\"295\" data-end=\"315\">Date d\u2019entr\u00e9e en vigueur :<\/strong> 26 ao\u00fbt 2025<\/p><p data-start=\"336\" data-end=\"521\"><strong data-start=\"336\" data-end=\"353\">Raison sociale :<\/strong> idemoov SAS<br data-start=\"365\" data-end=\"368\" \/><strong data-start=\"368\" data-end=\"380\">Adresse :<\/strong> 1C Rue P\u00e9gase, 67950 Entzheim, France<br data-start=\"418\" data-end=\"421\" \/><strong data-start=\"421\" data-end=\"440\">T\u00e9l\u00e9phone :<\/strong> +33 3 67 22 02 79<br data-start=\"458\" data-end=\"461\" \/><strong data-start=\"461\" data-end=\"471\">Email :<\/strong> <a class=\"decorated-link cursor-pointer\" rel=\"noopener\" data-start=\"472\" data-end=\"519\">contact@ideindus.fr<\/a><\/p><p data-start=\"523\" data-end=\"549\"><strong data-start=\"523\" data-end=\"547\">Cr\u00e9dits graphiques :<\/strong><\/p><ul data-start=\"550\" data-end=\"681\"><li data-start=\"550\" data-end=\"613\"><p data-start=\"552\" data-end=\"613\">Images : Freepik (<a class=\"decorated-link cursor-pointer\" target=\"_new\" rel=\"noopener\" data-start=\"568\" data-end=\"610\">www.freepik.com<\/a>)<\/p><\/li><\/ul><hr data-start=\"683\" data-end=\"686\" \/><h3 data-start=\"688\" data-end=\"715\">ARTICLE 1 : L\u2019\u00c9DITEUR<\/h3><p data-start=\"717\" data-end=\"1075\">La publication des sites <a class=\"decorated-link\" href=\"https:\/\/www.ideindus.com\/fr\/\" target=\"_new\" rel=\"noopener\" data-start=\"748\" data-end=\"800\">https:\/\/www.ideindus.com<\/a> et <a class=\"decorated-link\" href=\"https:\/\/www.ideindus.fr\" target=\"_new\" rel=\"noopener\" data-start=\"805\" data-end=\"855\">https:\/\/www.ideindus.fr<\/a> est assur\u00e9e par <strong data-start=\"870\" data-end=\"885\">idemoov SAS<\/strong>, au capital social de 1 150 000 \u20ac, immatricul\u00e9e au Registre du Commerce et des Soci\u00e9t\u00e9s de Strasbourg sous le num\u00e9ro <strong data-start=\"990\" data-end=\"1003\">830613808<\/strong>, dont le si\u00e8ge social est situ\u00e9 1C Rue P\u00e9gase, 67950 Entzheim, France.<\/p><p data-start=\"1077\" data-end=\"1207\"><strong data-start=\"1077\" data-end=\"1091\">Telephone:<\/strong> +33 3 67 22 02 79<br data-start=\"1109\" data-end=\"1112\" \/><strong data-start=\"1112\" data-end=\"1122\">Email :<\/strong> <a class=\"decorated-link cursor-pointer\" rel=\"noopener\" data-start=\"1123\" data-end=\"1170\">contact@ideindus.fr<\/a><br data-start=\"1170\" data-end=\"1173\" \/><strong data-start=\"1173\" data-end=\"1188\">Num\u00e9ro de TVA intracommunautaire :<\/strong> FR94 830 613 808<\/p><p data-start=\"1209\" data-end=\"1300\">The Publication Director is <strong data-start=\"1237\" data-end=\"1255\">Didier SPITZER<\/strong>, ci-apr\u00e8s d\u00e9nomm\u00e9 l\u2019\u00c9diteur.<\/p><hr data-start=\"1302\" data-end=\"1305\" \/><h3 data-start=\"1307\" data-end=\"1329\">ARTICLE 2 : L\u2019H\u00c9BERGEUR<\/h3><p data-start=\"1331\" data-end=\"1435\">L\u2019h\u00e9bergement du site est assur\u00e9 par <strong data-start=\"1373\" data-end=\"1388\">idemoov SAS<\/strong>, aux m\u00eames coordonn\u00e9es que ci-dessus.<\/p><hr data-start=\"1437\" data-end=\"1440\" \/><h3 data-start=\"1442\" data-end=\"1477\">ARTICLE 3 : ACC\u00c8S AU SITE<\/h3><p data-start=\"1479\" data-end=\"1635\">Le site est accessible 24h\/24 et 7j\/7, sauf en cas de force majeure, d\u2019interruption programm\u00e9e ou non, pour des besoins de maintenance. L\u2019utilisateur a acc\u00e8s gratuitement aux services suivants :<\/p><ul data-start=\"1637\" data-end=\"1754\"><li data-start=\"1637\" data-end=\"1673\"><p data-start=\"1639\" data-end=\"1673\">Pages et articles d\u2019information<\/p><\/li><li data-start=\"1674\" data-end=\"1691\"><p data-start=\"1676\" data-end=\"1691\">Formulaires de contact<\/p><\/li><li data-start=\"1692\" data-end=\"1754\"><p data-start=\"1694\" data-end=\"1754\">Fonctionnalit\u00e9s interactives (commentaires, petites annonces, contenu utilisateur)<\/p><\/li><\/ul><p data-start=\"1756\" data-end=\"1943\">Tous les frais li\u00e9s \u00e0 l\u2019acc\u00e8s au site (mat\u00e9riel informatique, logiciels, connexion Internet, etc.) sont \u00e0 la charge de l\u2019utilisateur.\nL\u2019\u00c9diteur ne saurait \u00eatre tenu responsable des interruptions, modifications ou suspensions du site.<\/p><hr data-start=\"1945\" data-end=\"1948\" \/><h3 data-start=\"1950\" data-end=\"1979\">ARTICLE 4 : COLLECTE DES DONN\u00c9ES<\/h3><p data-start=\"1981\" data-end=\"2251\">Le site est conforme \u00e0 la <strong data-start=\"2007\" data-end=\"2042\">loi n\u00b078-17 du 6 janvier 1978<\/strong> relative \u00e0 l\u2019informatique, aux fichiers et aux libert\u00e9s.\nL\u2019utilisateur dispose d\u2019un droit d\u2019acc\u00e8s, de rectification, de suppression et d\u2019opposition concernant ses donn\u00e9es personnelles.\nToute demande peut \u00eatre adress\u00e9e par email \u00e0 <a class=\"decorated-link cursor-pointer\" rel=\"noopener\" data-start=\"2201\" data-end=\"2248\">contact@ideindus.fr<\/a>.<\/p><p data-start=\"2253\" data-end=\"2388\">Toute utilisation, reproduction ou diffusion non autoris\u00e9e, totale ou partielle, du site est interdite conform\u00e9ment au Code de la propri\u00e9t\u00e9 intellectuelle.<\/p><hr data-start=\"2390\" data-end=\"2393\" \/><h3 data-start=\"2395\" data-end=\"2430\">ARTICLE 5 : PROPRI\u00c9T\u00c9 INTELLECTUELLE<\/h3><p data-start=\"2432\" data-end=\"2559\">L\u2019ensemble des marques, logos, signes et contenus du site (textes, images, sons, etc.) sont prot\u00e9g\u00e9s par la l\u00e9gislation fran\u00e7aise sur la propri\u00e9t\u00e9 intellectuelle.<\/p><ul data-start=\"2561\" data-end=\"2846\"><li data-start=\"2561\" data-end=\"2626\"><p data-start=\"2563\" data-end=\"2626\"><strong data-start=\"2563\" data-end=\"2573\">La marque :<\/strong> ideindus est une marque d\u00e9pos\u00e9e appartenant \u00e0 idemoov SAS.<\/p><\/li><li data-start=\"2627\" data-end=\"2731\"><p data-start=\"2629\" data-end=\"2731\">Toute reproduction totale ou partielle du site sans autorisation pr\u00e9alable est strictement interdite.<\/p><\/li><li data-start=\"2732\" data-end=\"2846\"><p data-start=\"2734\" data-end=\"2846\">L\u2019utilisateur s\u2019engage \u00e0 mentionner l\u2019auteur et la source lorsqu\u2019il utilise un contenu conform\u00e9ment \u00e0 l\u2019article L122-5 du Code de la propri\u00e9t\u00e9 intellectuelle.<\/p><\/li><\/ul><hr data-start=\"2848\" data-end=\"2851\" \/><h3 data-start=\"2853\" data-end=\"2876\">ARTICLE 6 : RESPONSABILIT\u00c9<\/h3><p data-start=\"2878\" data-end=\"3059\">Le site s\u2019efforce de fournir des informations fiables, mais ne garantit pas l\u2019absence d\u2019erreurs ou d\u2019omissions. Les contenus publi\u00e9s sont donn\u00e9s \u00e0 titre informatif et ne constituent pas un engagement contractuel.<\/p><p data-start=\"3061\" data-end=\"3103\">L\u2019\u00c9diteur ne saurait \u00eatre tenu responsable :<\/p><ul data-start=\"3105\" data-end=\"3237\"><li data-start=\"3105\" data-end=\"3141\"><p data-start=\"3107\" data-end=\"3141\">De la pr\u00e9sence \u00e9ventuelle de virus sur les appareils des utilisateurs ;<\/p><\/li><li data-start=\"3142\" data-end=\"3194\"><p data-start=\"3144\" data-end=\"3194\">De modifications l\u00e9gislatives ou r\u00e9glementaires survenant apr\u00e8s la publication des informations ;<\/p><\/li><li data-start=\"3195\" data-end=\"3237\"><p data-start=\"3197\" data-end=\"3237\">D\u2019actes de tiers ou de cas de force majeure.<\/p><\/li><\/ul><hr data-start=\"3239\" data-end=\"3242\" \/><h3 data-start=\"3244\" data-end=\"3273\">ARTICLE 7 : LIENS HYPERTEXTES<\/h3><p data-start=\"3275\" data-end=\"3398\">Le site peut contenir des liens vers des sites externes.\nL\u2019\u00c9diteur n\u2019est <strong data-start=\"3341\" data-end=\"3360\">ne sommes pas responsables<\/strong> du contenu de ces sites tiers.<\/p><hr data-start=\"3400\" data-end=\"3403\" \/><h3 data-start=\"3405\" data-end=\"3426\">ARTICLE 8 : COOKIES<\/h3><p data-start=\"3428\" data-end=\"3615\">Le site peut d\u00e9poser des cookies sur l\u2019appareil de l\u2019utilisateur afin d\u2019am\u00e9liorer la navigation et l\u2019exp\u00e9rience utilisateur. Certains cookies n\u00e9cessitent le consentement de l\u2019utilisateur. La d\u00e9sactivation des cookies peut limiter l\u2019acc\u00e8s \u00e0 certaines fonctionnalit\u00e9s.<\/p><p data-start=\"3617\" data-end=\"3668\">Pour plus de d\u00e9tails, veuillez consulter notre <strong data-start=\"3630\" data-end=\"3648\">Politique relative aux cookies<\/strong> sur notre page d\u00e9di\u00e9e.<\/p><hr data-start=\"3670\" data-end=\"3673\" \/><h3 data-start=\"3675\" data-end=\"3720\">ARTICLE 9 : DROIT APPLICABLE ET JURIDICTION COMP\u00c9TENTE<\/h3><p data-start=\"3722\" data-end=\"3861\">Les pr\u00e9sentes mentions l\u00e9gales sont soumises au droit fran\u00e7ais.\nEn cas de litige non r\u00e9solu \u00e0 l\u2019amiable, la comp\u00e9tence exclusive revient aux <strong data-start=\"3841\" data-end=\"3858\">tribunaux fran\u00e7ais comp\u00e9tents.<\/strong>.<\/p>\t\t\t\t\t\t\t\t<\/div>\n\t\t\t\t\t<\/div>\n\t\t\t\t<\/div>\n\t\t\t\t<\/div>","protected":false},"excerpt":{"rendered":"<p>Legal information Effective as of: 26 August 2025 Company Name: idemoov SASAddress: 1C Rue P\u00e9gase, 67950 Entzheim, FranceContact Number: +33 3 67 22 02 79Email: contact@ideindus.fr Graphic credentials: Images: Freepik (www.freepik.com) ARTICLE 1: THE PUBLISHER The publication of the website https:\/\/www.ideindus.com and https:\/\/www.ideindus.fr is ensured by idemoov SAS, with a capital of \u20ac1,150,000, registered with [&hellip;]<\/p>","protected":false},"author":2,"featured_media":0,"parent":0,"menu_order":0,"comment_status":"closed","ping_status":"closed","template":"elementor_header_footer","meta":{"footnotes":""},"class_list":["post-1590","page","type-page","status-publish","hentry"],"yoast_head":"<!-- This site is optimized with the Yoast SEO plugin v26.1.1 - https:\/\/yoast.com\/wordpress\/plugins\/seo\/ -->\n<title>Legal information &#8212; ideindus: Industrial IoT Solutions<\/title>\n<meta name=\"robots\" content=\"noindex, nofollow\" \/>\n<meta property=\"og:locale\" content=\"fr_FR\" \/>\n<meta property=\"og:type\" content=\"article\" \/>\n<meta property=\"og:title\" content=\"Legal information &#8212; ideindus: Industrial IoT Solutions\" \/>\n<meta property=\"og:description\" content=\"Legal information Effective as of: 26 August 2025 Company Name: idemoov SASAddress: 1C Rue P\u00e9gase, 67950 Entzheim, FranceContact Number: +33 3 67 22 02 79Email: contact@ideindus.fr Graphic credentials: Images: Freepik (www.freepik.com) ARTICLE 1: THE PUBLISHER The publication of the website https:\/\/www.ideindus.com and https:\/\/www.ideindus.fr is ensured by idemoov SAS, with a capital of \u20ac1,150,000, registered with [&hellip;]\" \/>\n<meta property=\"og:url\" content=\"https:\/\/www.ideindus.com\/fr\/legal-information\/\" \/>\n<meta property=\"og:site_name\" content=\"ideindus: Industrial IoT Solutions\" \/>\n<meta property=\"article:modified_time\" content=\"2025-09-23T09:02:36+00:00\" \/>\n<meta property=\"og:image\" content=\"https:\/\/www.ideindus.com\/wp-content\/uploads\/2025\/08\/cropped-cropped-ideindus-logo.jpg\" \/>\n\t<meta property=\"og:image:width\" content=\"1000\" \/>\n\t<meta property=\"og:image:height\" content=\"364\" \/>\n\t<meta property=\"og:image:type\" content=\"image\/jpeg\" \/>\n<meta name=\"twitter:card\" content=\"summary_large_image\" \/>\n<meta name=\"twitter:label1\" content=\"Dur\u00e9e de lecture estim\u00e9e\" \/>\n\t<meta name=\"twitter:data1\" content=\"3 minutes\" \/>\n<script type=\"application\/ld+json\" class=\"yoast-schema-graph\">{\"@context\":\"https:\/\/schema.org\",\"@graph\":[{\"@type\":\"WebPage\",\"@id\":\"https:\/\/www.ideindus.com\/legal-information\/\",\"url\":\"https:\/\/www.ideindus.com\/legal-information\/\",\"name\":\"Legal information &#8212; ideindus: Industrial IoT Solutions\",\"isPartOf\":{\"@id\":\"https:\/\/www.ideindus.com\/#website\"},\"datePublished\":\"2025-08-26T10:30:56+00:00\",\"dateModified\":\"2025-09-23T09:02:36+00:00\",\"breadcrumb\":{\"@id\":\"https:\/\/www.ideindus.com\/legal-information\/#breadcrumb\"},\"inLanguage\":\"fr-FR\",\"potentialAction\":[{\"@type\":\"ReadAction\",\"target\":[\"https:\/\/www.ideindus.com\/legal-information\/\"]}]},{\"@type\":\"BreadcrumbList\",\"@id\":\"https:\/\/www.ideindus.com\/legal-information\/#breadcrumb\",\"itemListElement\":[{\"@type\":\"ListItem\",\"position\":1,\"name\":\"Home\",\"item\":\"https:\/\/www.ideindus.com\/\"},{\"@type\":\"ListItem\",\"position\":2,\"name\":\"Legal information\"}]},{\"@type\":\"WebSite\",\"@id\":\"https:\/\/www.ideindus.com\/#website\",\"url\":\"https:\/\/www.ideindus.com\/\",\"name\":\"ideindus: Industrial IoT Solutions\",\"description\":\"\",\"publisher\":{\"@id\":\"https:\/\/www.ideindus.com\/#organization\"},\"potentialAction\":[{\"@type\":\"SearchAction\",\"target\":{\"@type\":\"EntryPoint\",\"urlTemplate\":\"https:\/\/www.ideindus.com\/?s={search_term_string}\"},\"query-input\":{\"@type\":\"PropertyValueSpecification\",\"valueRequired\":true,\"valueName\":\"search_term_string\"}}],\"inLanguage\":\"fr-FR\"},{\"@type\":\"Organization\",\"@id\":\"https:\/\/www.ideindus.com\/#organization\",\"name\":\"ideindus: Industrial IoT Solutions\",\"url\":\"https:\/\/www.ideindus.com\/\",\"logo\":{\"@type\":\"ImageObject\",\"inLanguage\":\"fr-FR\",\"@id\":\"https:\/\/www.ideindus.com\/#\/schema\/logo\/image\/\",\"url\":\"https:\/\/www.ideindus.com\/wp-content\/uploads\/2025\/08\/cropped-cropped-ideindus-logo.jpg\",\"contentUrl\":\"https:\/\/www.ideindus.com\/wp-content\/uploads\/2025\/08\/cropped-cropped-ideindus-logo.jpg\",\"width\":1000,\"height\":364,\"caption\":\"ideindus: Industrial IoT Solutions\"},\"image\":{\"@id\":\"https:\/\/www.ideindus.com\/#\/schema\/logo\/image\/\"}}]}<\/script>\n<!-- \/ Yoast SEO plugin. -->","yoast_head_json":{"title":"Legal information &#8212; ideindus: Industrial IoT Solutions","robots":{"index":"noindex","follow":"nofollow"},"og_locale":"fr_FR","og_type":"article","og_title":"Legal information &#8212; ideindus: Industrial IoT Solutions","og_description":"Legal information Effective as of: 26 August 2025 Company Name: idemoov SASAddress: 1C Rue P\u00e9gase, 67950 Entzheim, FranceContact Number: +33 3 67 22 02 79Email: contact@ideindus.fr Graphic credentials: Images: Freepik (www.freepik.com) ARTICLE 1: THE PUBLISHER The publication of the website https:\/\/www.ideindus.com and https:\/\/www.ideindus.fr is ensured by idemoov SAS, with a capital of \u20ac1,150,000, registered with [&hellip;]","og_url":"https:\/\/www.ideindus.com\/fr\/legal-information\/","og_site_name":"ideindus: Industrial IoT Solutions","article_modified_time":"2025-09-23T09:02:36+00:00","og_image":[{"width":1000,"height":364,"url":"https:\/\/www.ideindus.com\/wp-content\/uploads\/2025\/08\/cropped-cropped-ideindus-logo.jpg","type":"image\/jpeg"}],"twitter_card":"summary_large_image","twitter_misc":{"Dur\u00e9e de lecture estim\u00e9e":"3 minutes"},"schema":{"@context":"https:\/\/schema.org","@graph":[{"@type":"WebPage","@id":"https:\/\/www.ideindus.com\/legal-information\/","url":"https:\/\/www.ideindus.com\/legal-information\/","name":"Legal information &#8212; ideindus: Industrial IoT Solutions","isPartOf":{"@id":"https:\/\/www.ideindus.com\/#website"},"datePublished":"2025-08-26T10:30:56+00:00","dateModified":"2025-09-23T09:02:36+00:00","breadcrumb":{"@id":"https:\/\/www.ideindus.com\/legal-information\/#breadcrumb"},"inLanguage":"fr-FR","potentialAction":[{"@type":"ReadAction","target":["https:\/\/www.ideindus.com\/legal-information\/"]}]},{"@type":"BreadcrumbList","@id":"https:\/\/www.ideindus.com\/legal-information\/#breadcrumb","itemListElement":[{"@type":"ListItem","position":1,"name":"Home","item":"https:\/\/www.ideindus.com\/"},{"@type":"ListItem","position":2,"name":"Legal information"}]},{"@type":"WebSite","@id":"https:\/\/www.ideindus.com\/#website","url":"https:\/\/www.ideindus.com\/","name":"ideindus: Industrial IoT Solutions","description":"","publisher":{"@id":"https:\/\/www.ideindus.com\/#organization"},"potentialAction":[{"@type":"SearchAction","target":{"@type":"EntryPoint","urlTemplate":"https:\/\/www.ideindus.com\/?s={search_term_string}"},"query-input":{"@type":"PropertyValueSpecification","valueRequired":true,"valueName":"search_term_string"}}],"inLanguage":"fr-FR"},{"@type":"Organization","@id":"https:\/\/www.ideindus.com\/#organization","name":"ideindus: Industrial IoT Solutions","url":"https:\/\/www.ideindus.com\/","logo":{"@type":"ImageObject","inLanguage":"fr-FR","@id":"https:\/\/www.ideindus.com\/#\/schema\/logo\/image\/","url":"https:\/\/www.ideindus.com\/wp-content\/uploads\/2025\/08\/cropped-cropped-ideindus-logo.jpg","contentUrl":"https:\/\/www.ideindus.com\/wp-content\/uploads\/2025\/08\/cropped-cropped-ideindus-logo.jpg","width":1000,"height":364,"caption":"ideindus: Industrial IoT Solutions"},"image":{"@id":"https:\/\/www.ideindus.com\/#\/schema\/logo\/image\/"}}]}},"amp_enabled":false,"_links":{"self":[{"href":"https:\/\/www.ideindus.com\/fr\/wp-json\/wp\/v2\/pages\/1590","targetHints":{"allow":["GET"]}}],"collection":[{"href":"https:\/\/www.ideindus.com\/fr\/wp-json\/wp\/v2\/pages"}],"about":[{"href":"https:\/\/www.ideindus.com\/fr\/wp-json\/wp\/v2\/types\/page"}],"author":[{"embeddable":true,"href":"https:\/\/www.ideindus.com\/fr\/wp-json\/wp\/v2\/users\/2"}],"replies":[{"embeddable":true,"href":"https:\/\/www.ideindus.com\/fr\/wp-json\/wp\/v2\/comments?post=1590"}],"version-history":[{"count":10,"href":"https:\/\/www.ideindus.com\/fr\/wp-json\/wp\/v2\/pages\/1590\/revisions"}],"predecessor-version":[{"id":2343,"href":"https:\/\/www.ideindus.com\/fr\/wp-json\/wp\/v2\/pages\/1590\/revisions\/2343"}],"wp:attachment":[{"href":"https:\/\/www.ideindus.com\/fr\/wp-json\/wp\/v2\/media?parent=1590"}],"curies":[{"name":"wp","href":"https:\/\/api.w.org\/{rel}","templated":true}]}}